{"id":2,"date":"2019-05-21T08:38:50","date_gmt":"2019-05-21T06:38:50","guid":{"rendered":"http:\/\/helanka.pl\/?page_id=2"},"modified":"2019-05-21T09:56:22","modified_gmt":"2019-05-21T07:56:22","slug":"przykladowa-strona","status":"publish","type":"page","link":"http:\/\/helanka.pl\/index.php\/przykladowa-strona\/","title":{"rendered":""},"content":{"rendered":"\n<h4>Apartament A<\/h4>\n\n\n\n<p>2 pokoje &#8211; max. 4 osoby<br>\n\u0142\u00f3\u017cka 2 osobowe<br>\nanex kuchenny z pe\u0142nym wyposa\u017ceniem<br>\n\u0142azienka<br>\nbalkon<br>\ntelewizor+kablowka<\/p>\n\n\n\n<ul class=\"wp-block-gallery columns-5 is-cropped\"><li class=\"blocks-gallery-item\"><figure><img loading=\"lazy\" width=\"500\" height=\"747\" src=\"http:\/\/helanka.pl\/wp-content\/uploads\/2019\/05\/9.jpg\" alt=\"\" data-id=\"47\" data-link=\"http:\/\/helanka.pl\/index.php\/mesmerize\/attachment\/9\/\" class=\"wp-image-47\"\/><\/figure><\/li><li class=\"blocks-gallery-item\"><figure><img loading=\"lazy\" width=\"500\" height=\"747\" src=\"http:\/\/helanka.pl\/wp-content\/uploads\/2019\/05\/13-1.jpg\" alt=\"\" data-id=\"28\" data-link=\"http:\/\/helanka.pl\/index.php\/mesmerize\/13-2\/\" class=\"wp-image-28\"\/><\/figure><\/li><li class=\"blocks-gallery-item\"><figure><img loading=\"lazy\" width=\"800\" height=\"536\" src=\"http:\/\/helanka.pl\/wp-content\/uploads\/2019\/05\/14-1.jpg\" alt=\"\" data-id=\"29\" data-link=\"http:\/\/helanka.pl\/index.php\/mesmerize\/14-2\/\" class=\"wp-image-29\"\/><\/figure><\/li><li class=\"blocks-gallery-item\"><figure><img loading=\"lazy\" width=\"800\" height=\"536\" src=\"http:\/\/helanka.pl\/wp-content\/uploads\/2019\/05\/15-1.jpg\" alt=\"\" data-id=\"30\" data-link=\"http:\/\/helanka.pl\/index.php\/mesmerize\/15-2\/\" class=\"wp-image-30\"\/><\/figure><\/li><li class=\"blocks-gallery-item\"><figure><img loading=\"lazy\" width=\"800\" height=\"540\" src=\"http:\/\/helanka.pl\/wp-content\/uploads\/2019\/05\/18-1.jpg\" alt=\"\" data-id=\"31\" data-link=\"http:\/\/helanka.pl\/index.php\/mesmerize\/18-2\/\" class=\"wp-image-31\"\/><\/figure><\/li><li class=\"blocks-gallery-item\"><figure><img loading=\"lazy\" width=\"500\" height=\"747\" src=\"http:\/\/helanka.pl\/wp-content\/uploads\/2019\/05\/19-1.jpg\" alt=\"\" data-id=\"32\" data-link=\"http:\/\/helanka.pl\/index.php\/mesmerize\/19-2\/\" class=\"wp-image-32\"\/><\/figure><\/li><li class=\"blocks-gallery-item\"><figure><img loading=\"lazy\" width=\"500\" height=\"747\" src=\"http:\/\/helanka.pl\/wp-content\/uploads\/2019\/05\/20-1.jpg\" alt=\"\" data-id=\"33\" data-link=\"http:\/\/helanka.pl\/index.php\/mesmerize\/20-2\/\" class=\"wp-image-33\"\/><\/figure><\/li><li class=\"blocks-gallery-item\"><figure><img loading=\"lazy\" width=\"500\" height=\"747\" src=\"http:\/\/helanka.pl\/wp-content\/uploads\/2019\/05\/21-1.jpg\" alt=\"\" data-id=\"34\" data-link=\"http:\/\/helanka.pl\/index.php\/mesmerize\/21-2\/\" class=\"wp-image-34\"\/><\/figure><\/li><\/ul>\n\n\n\n<h4>Apartament B<\/h4>\n\n\n\n<p>3 pokoje &#8211; max. 8 os\u00f3b<br>\n\u0142\u00f3zka 1 i 2 osobowe<br>\nanex kuchenny z pe\u0142nym wyposa\u017ceniem<br>\n\u0142azienka<br>\ntelewizor+kablowka<\/p>\n\n\n\n<ul class=\"wp-block-gallery columns-6 is-cropped\"><li class=\"blocks-gallery-item\"><figure><img loading=\"lazy\" width=\"600\" height=\"897\" src=\"http:\/\/helanka.pl\/wp-content\/uploads\/2019\/05\/1.jpg\" alt=\"\" data-id=\"36\" data-link=\"http:\/\/helanka.pl\/index.php\/mesmerize\/attachment\/1\/\" class=\"wp-image-36\"\/><\/figure><\/li><li class=\"blocks-gallery-item\"><figure><img loading=\"lazy\" width=\"800\" height=\"589\" src=\"http:\/\/helanka.pl\/wp-content\/uploads\/2019\/05\/2.jpg\" alt=\"\" data-id=\"37\" data-link=\"http:\/\/helanka.pl\/index.php\/mesmerize\/attachment\/2\/\" class=\"wp-image-37\"\/><\/figure><\/li><li class=\"blocks-gallery-item\"><figure><img loading=\"lazy\" width=\"600\" height=\"896\" src=\"http:\/\/helanka.pl\/wp-content\/uploads\/2019\/05\/3.jpg\" alt=\"\" data-id=\"38\" data-link=\"http:\/\/helanka.pl\/index.php\/mesmerize\/attachment\/3\/\" class=\"wp-image-38\"\/><\/figure><\/li><li class=\"blocks-gallery-item\"><figure><img loading=\"lazy\" width=\"600\" height=\"896\" src=\"http:\/\/helanka.pl\/wp-content\/uploads\/2019\/05\/4.jpg\" alt=\"\" data-id=\"39\" data-link=\"http:\/\/helanka.pl\/index.php\/mesmerize\/attachment\/4\/\" class=\"wp-image-39\"\/><\/figure><\/li><li class=\"blocks-gallery-item\"><figure><img loading=\"lazy\" width=\"800\" height=\"535\" src=\"http:\/\/helanka.pl\/wp-content\/uploads\/2019\/05\/5-1.jpg\" alt=\"\" data-id=\"40\" data-link=\"http:\/\/helanka.pl\/index.php\/mesmerize\/5-2\/\" class=\"wp-image-40\"\/><\/figure><\/li><li class=\"blocks-gallery-item\"><figure><img loading=\"lazy\" width=\"800\" height=\"536\" src=\"http:\/\/helanka.pl\/wp-content\/uploads\/2019\/05\/6.jpg\" alt=\"\" data-id=\"41\" data-link=\"http:\/\/helanka.pl\/index.php\/mesmerize\/attachment\/6\/\" class=\"wp-image-41\"\/><\/figure><\/li><li class=\"blocks-gallery-item\"><figure><img loading=\"lazy\" width=\"500\" height=\"747\" src=\"http:\/\/helanka.pl\/wp-content\/uploads\/2019\/05\/7.jpg\" alt=\"\" data-id=\"42\" data-link=\"http:\/\/helanka.pl\/index.php\/mesmerize\/attachment\/7\/\" class=\"wp-image-42\"\/><\/figure><\/li><li class=\"blocks-gallery-item\"><figure><img loading=\"lazy\" width=\"500\" height=\"747\" src=\"http:\/\/helanka.pl\/wp-content\/uploads\/2019\/05\/8-1.jpg\" alt=\"\" data-id=\"43\" data-link=\"http:\/\/helanka.pl\/index.php\/mesmerize\/8-2\/\" class=\"wp-image-43\"\/><\/figure><\/li><li class=\"blocks-gallery-item\"><figure><img loading=\"lazy\" width=\"500\" height=\"747\" src=\"http:\/\/helanka.pl\/wp-content\/uploads\/2019\/05\/10.jpg\" alt=\"\" data-id=\"44\" data-link=\"http:\/\/helanka.pl\/index.php\/mesmerize\/attachment\/10\/\" class=\"wp-image-44\"\/><\/figure><\/li><li class=\"blocks-gallery-item\"><figure><img loading=\"lazy\" width=\"500\" height=\"747\" src=\"http:\/\/helanka.pl\/wp-content\/uploads\/2019\/05\/11.jpg\" alt=\"\" data-id=\"45\" data-link=\"http:\/\/helanka.pl\/index.php\/mesmerize\/attachment\/11\/\" class=\"wp-image-45\"\/><\/figure><\/li><li class=\"blocks-gallery-item\"><figure><img loading=\"lazy\" width=\"500\" height=\"747\" src=\"http:\/\/helanka.pl\/wp-content\/uploads\/2019\/05\/12.jpg\" alt=\"\" data-id=\"46\" data-link=\"http:\/\/helanka.pl\/index.php\/mesmerize\/attachment\/12\/\" class=\"wp-image-46\"\/><\/figure><\/li><\/ul>\n","protected":false},"excerpt":{"rendered":"<p>Apartament A 2 pokoje &#8211; max. 4 osoby \u0142\u00f3\u017cka 2 osobowe anex kuchenny z pe\u0142nym wyposa\u017ceniem \u0142azienka balkon telewizor+kablowka Apartament B 3 pokoje &#8211; max. 8 os\u00f3b \u0142\u00f3zka 1 i 2 osobowe anex kuchenny z pe\u0142nym wyposa\u017ceniem \u0142azienka telewizor+kablowka<\/p>\n","protected":false},"author":1,"featured_media":0,"parent":0,"menu_order":0,"comment_status":"closed","ping_status":"open","template":"","meta":[],"aioseo_notices":[],"_links":{"self":[{"href":"http:\/\/helanka.pl\/index.php\/wp-json\/wp\/v2\/pages\/2"}],"collection":[{"href":"http:\/\/helanka.pl\/index.php\/wp-json\/wp\/v2\/pages"}],"about":[{"href":"http:\/\/helanka.pl\/index.php\/wp-json\/wp\/v2\/types\/page"}],"author":[{"embeddable":true,"href":"http:\/\/helanka.pl\/index.php\/wp-json\/wp\/v2\/users\/1"}],"replies":[{"embeddable":true,"href":"http:\/\/helanka.pl\/index.php\/wp-json\/wp\/v2\/comments?post=2"}],"version-history":[{"count":1,"href":"http:\/\/helanka.pl\/index.php\/wp-json\/wp\/v2\/pages\/2\/revisions"}],"predecessor-version":[{"id":59,"href":"http:\/\/helanka.pl\/index.php\/wp-json\/wp\/v2\/pages\/2\/revisions\/59"}],"wp:attachment":[{"href":"http:\/\/helanka.pl\/index.php\/wp-json\/wp\/v2\/media?parent=2"}],"curies":[{"name":"wp","href":"https:\/\/api.w.org\/{rel}","templated":true}]}}